{"id":139,"date":"2026-04-01T11:21:16","date_gmt":"2026-04-01T16:21:16","guid":{"rendered":"https:\/\/divi5.hapicrea.com\/?page_id=139"},"modified":"2026-04-01T16:28:54","modified_gmt":"2026-04-01T21:28:54","slug":"forma-de-trabajo","status":"publish","type":"page","link":"https:\/\/divi5.hapicrea.com\/index.php\/forma-de-trabajo\/","title":{"rendered":"Forma de Trabajo"},"content":{"rendered":"<p><div class=\"et_d4_element et_pb_section et_pb_section_0 et_pb_with_background  et_pb_css_mix_blend_mode et_section_regular et_block_section\" >\n\t\t\t\t\n\t\t\t\t\n\t\t\t\t\n\t\t\t\t\n\t\t\t\t\n\t\t\t\t\n\t\t\t\t<div class=\"et_d4_element et_pb_row et_pb_row_0  et_pb_css_mix_blend_mode et_block_row\">\n\t\t\t\t<div class=\"et_d4_element et_pb_column_4_4 et_pb_column et_pb_column_0  et_pb_css_mix_blend_mode et-last-child et_block_column\">\n\t\t\t\t\n\t\t\t\t\n\t\t\t\t\n\t\t\t\t\n\t\t\t\t<div class=\"et_pb_module et_d4_element et_pb_text et_pb_text_0  et_pb_text_align_left et_pb_bg_layout_light\">\n\t\t\t\t\n\t\t\t\t\n\t\t\t\t\n\t\t\t\t\n\t\t\t\t<div class=\"et_pb_text_inner\"><h1 style=\"margin:0 0 0 0;\">Conoce nuestra<\/h1>\n<h1 style=\"display:inline-block; background-color:#FF6B35; color:#ffffff; padding:4px 16px; margin:0; transform:rotate(-1.5deg); font-size:64px; font-weight:900;\">forma de trabajo<\/h1><\/div>\n\t\t\t<\/div><div class=\"et_pb_module et_d4_element et_pb_text et_pb_text_1  et_pb_text_align_left et_pb_bg_layout_light\">\n\t\t\t\t\n\t\t\t\t\n\t\t\t\t\n\t\t\t\t\n\t\t\t\t<div class=\"et_pb_text_inner\"><p>Mejoramos tu presencia en l\u00ednea con procesos soluci\u00f3n \u00fanicas y efectivas.<\/p><\/div>\n\t\t\t<\/div>\n\t\t\t<\/div>\n\t\t\t\t\n\t\t\t\t\n\t\t\t\t\n\t\t\t\t\n\t\t\t<\/div>\n\t\t\t\t\n\t\t\t\t\n\t\t\t<\/div><div class=\"et_d4_element et_pb_section et_pb_section_1 et_pb_with_background  et_pb_css_mix_blend_mode et_section_regular et_block_section\" >\n\t\t\t\t\n\t\t\t\t\n\t\t\t\t\n\t\t\t\t\n\t\t\t\t\n\t\t\t\t\n\t\t\t\t<div class=\"et_d4_element et_pb_row et_pb_row_1  et_pb_css_mix_blend_mode et_block_row\">\n\t\t\t\t<div class=\"et_d4_element et_pb_column_1_2 et_pb_column et_pb_column_1  et_pb_css_mix_blend_mode et_block_column\">\n\t\t\t\t\n\t\t\t\t\n\t\t\t\t\n\t\t\t\t\n\t\t\t\t<div class=\"et_pb_module et_d4_element et_pb_image et_pb_image_0\">\n\t\t\t\t\n\t\t\t\t\n\t\t\t\t\n\t\t\t\t\n\t\t\t\t<span class=\"et_pb_image_wrap \"><img loading=\"lazy\" decoding=\"async\" width=\"557\" height=\"265\" src=\"https:\/\/divi5.hapicrea.com\/wp-content\/uploads\/2026\/04\/imagen1-design-thinking.svg\" alt=\"Design Thinking\" title=\"\" class=\"wp-image-141\" \/><\/span>\n\t\t\t<\/div><div class=\"et_pb_module et_d4_element et_pb_text et_pb_text_2  et_pb_text_align_left et_pb_bg_layout_light\">\n\t\t\t\t\n\t\t\t\t\n\t\t\t\t\n\t\t\t\t\n\t\t\t\t<div class=\"et_pb_text_inner\"><h3>Nos basamos en la metodolog\u00eda Design Thinking<\/h3>\n<p>Entendemos tus objetivos de negocio y co-creamos junto a ti soluciones innovadoras que satisfagan las necesidades de tus usuarios.<\/p><\/div>\n\t\t\t<\/div>\n\t\t\t<\/div><div class=\"et_d4_element et_pb_column_1_2 et_pb_column et_pb_column_2  et_pb_css_mix_blend_mode et-last-child et_block_column\">\n\t\t\t\t\n\t\t\t\t\n\t\t\t\t\n\t\t\t\t\n\t\t\t\t<div class=\"et_pb_module et_d4_element et_pb_image et_pb_image_1\">\n\t\t\t\t\n\t\t\t\t\n\t\t\t\t\n\t\t\t\t\n\t\t\t\t<span class=\"et_pb_image_wrap \"><img loading=\"lazy\" decoding=\"async\" width=\"496\" height=\"280\" src=\"https:\/\/divi5.hapicrea.com\/wp-content\/uploads\/2026\/03\/imagen2-scrum.svg\" alt=\"Scrum\" title=\"\" class=\"wp-image-140\" \/><\/span>\n\t\t\t<\/div><div class=\"et_pb_module et_d4_element et_pb_text et_pb_text_3  et_pb_text_align_left et_pb_bg_layout_light\">\n\t\t\t\t\n\t\t\t\t\n\t\t\t\t\n\t\t\t\t\n\t\t\t\t<div class=\"et_pb_text_inner\"><h3>Creemos en la importancia de utilizar metodolog\u00edas \u00e1giles<\/h3>\n<p>Nos aseguramos de que el trabajo se realice de manera din\u00e1mica y colaborativa lo que nos permite ofrecer un valor constante a tu empresa u organizaci\u00f3n en cada etapa del proyecto.<\/p><\/div>\n\t\t\t<\/div>\n\t\t\t<\/div>\n\t\t\t\t\n\t\t\t\t\n\t\t\t\t\n\t\t\t\t\n\t\t\t<\/div>\n\t\t\t\t\n\t\t\t\t\n\t\t\t<\/div><div class=\"et_d4_element et_pb_section et_pb_section_2 et_pb_with_background  et_pb_css_mix_blend_mode et_section_regular et_block_section\" >\n\t\t\t\t\n\t\t\t\t\n\t\t\t\t\n\t\t\t\t\n\t\t\t\t\n\t\t\t\t\n\t\t\t\t<div class=\"et_d4_element et_pb_row et_pb_row_2  et_pb_css_mix_blend_mode et_block_row\">\n\t\t\t\t<div class=\"et_d4_element et_pb_column_4_4 et_pb_column et_pb_column_3  et_pb_css_mix_blend_mode et-last-child et_block_column\">\n\t\t\t\t\n\t\t\t\t\n\t\t\t\t\n\t\t\t\t\n\t\t\t\t<div class=\"et_pb_module et_d4_element et_pb_text et_pb_text_4  et_pb_text_align_left et_pb_bg_layout_light\">\n\t\t\t\t\n\t\t\t\t\n\t\t\t\t\n\t\t\t\t\n\t\t\t\t<div class=\"et_pb_text_inner\"><h2>Nuestro proceso de trabajo<\/h2><\/div>\n\t\t\t<\/div>\n\t\t\t<\/div>\n\t\t\t\t\n\t\t\t\t\n\t\t\t\t\n\t\t\t\t\n\t\t\t<\/div>\n\t\t\t\t\n\t\t\t\t\n\t\t\t<\/div><div class=\"et_d4_element et_pb_section et_pb_section_3 et_pb_with_background  et_pb_css_mix_blend_mode et_section_regular et_block_section\" >\n\t\t\t\t\n\t\t\t\t\n\t\t\t\t\n\t\t\t\t\n\t\t\t\t\n\t\t\t\t\n\t\t\t\t<div class=\"et_d4_element et_pb_row et_pb_row_3  et_pb_css_mix_blend_mode et_block_row\">\n\t\t\t\t<div class=\"et_d4_element et_pb_column_1_2 et_pb_column et_pb_column_4  et_pb_css_mix_blend_mode et_block_column\">\n\t\t\t\t\n\t\t\t\t\n\t\t\t\t\n\t\t\t\t\n\t\t\t\t<div class=\"et_pb_module et_d4_element et_pb_text et_pb_text_5  et_pb_text_align_left et_pb_bg_layout_light\">\n\t\t\t\t\n\t\t\t\t\n\t\t\t\t\n\t\t\t\t\n\t\t\t\t<div class=\"et_pb_text_inner\"><div class=\"hapi-step\">\n<div class=\"hapi-step-inner\" style=\"background-color:#EDE9F7; border-radius:60px; padding:30px 20px; position:relative; display:flex; align-items:center; justify-content:center; min-height:180px;\">\n    <span style=\"font-size:120px; font-weight:900; color:#1565C0; line-height:1; position:absolute; left:-10px; bottom:10px; z-index:2; font-family:sans-serif;\">01<\/span><br \/>\n    <img decoding=\"async\" src=\"https:\/\/divi5.hapicrea.com\/wp-content\/uploads\/2026\/04\/paso-1.svg\" alt=\"Paso 1\" style=\"max-width:220px; max-height:160px; position:relative; z-index:3; margin-left:60px;\" \/>\n  <\/div>\n<p style=\"text-align:center; font-size:14px; color:#333333; margin-top:15px; line-height:1.6;\">Conocemos los objetivos de tu empresa u organizaci\u00f3n y los de tu usuario<\/p>\n<\/div><\/div>\n\t\t\t<\/div>\n\t\t\t<\/div><div class=\"et_d4_element et_pb_column_1_2 et_pb_column et_pb_column_5  et_pb_css_mix_blend_mode et-last-child et_block_column\">\n\t\t\t\t\n\t\t\t\t\n\t\t\t\t\n\t\t\t\t\n\t\t\t\t<div class=\"et_pb_module et_d4_element et_pb_text et_pb_text_6  et_pb_text_align_left et_pb_bg_layout_light\">\n\t\t\t\t\n\t\t\t\t\n\t\t\t\t\n\t\t\t\t\n\t\t\t\t<div class=\"et_pb_text_inner\"><div class=\"hapi-step\">\n<div class=\"hapi-step-inner\" style=\"background-color:#DFF2E1; border-radius:60px; padding:30px 20px; position:relative; display:flex; align-items:center; justify-content:center; min-height:180px;\">\n    <span style=\"font-size:120px; font-weight:900; color:#2E7D32; line-height:1; position:absolute; left:-10px; bottom:10px; z-index:2; font-family:sans-serif;\">02<\/span><br \/>\n    <img decoding=\"async\" src=\"https:\/\/divi5.hapicrea.com\/wp-content\/uploads\/2026\/04\/paso-2.svg\" alt=\"Paso 2\" style=\"max-width:220px; max-height:160px; position:relative; z-index:3; margin-left:60px;\" \/>\n  <\/div>\n<p style=\"text-align:center; font-size:14px; color:#333333; margin-top:15px; line-height:1.6;\">Definimos e ideamos una soluci\u00f3n, centrado en el usuario<\/p>\n<\/div><\/div>\n\t\t\t<\/div>\n\t\t\t<\/div>\n\t\t\t\t\n\t\t\t\t\n\t\t\t\t\n\t\t\t\t\n\t\t\t<\/div>\n\t\t\t\t\n\t\t\t\t\n\t\t\t<\/div><div class=\"et_d4_element et_pb_section et_pb_section_4 et_pb_with_background  et_pb_css_mix_blend_mode et_section_regular et_block_section\" >\n\t\t\t\t\n\t\t\t\t\n\t\t\t\t\n\t\t\t\t\n\t\t\t\t\n\t\t\t\t\n\t\t\t\t<div class=\"et_d4_element et_pb_row et_pb_row_4  et_pb_css_mix_blend_mode et_block_row\">\n\t\t\t\t<div class=\"et_d4_element et_pb_column_1_2 et_pb_column et_pb_column_6  et_pb_css_mix_blend_mode et_block_column\">\n\t\t\t\t\n\t\t\t\t\n\t\t\t\t\n\t\t\t\t\n\t\t\t\t<div class=\"et_pb_module et_d4_element et_pb_text et_pb_text_7  et_pb_text_align_left et_pb_bg_layout_light\">\n\t\t\t\t\n\t\t\t\t\n\t\t\t\t\n\t\t\t\t\n\t\t\t\t<div class=\"et_pb_text_inner\"><div class=\"hapi-step\">\n<div class=\"hapi-step-inner\" style=\"background-color:#D6EAF8; border-radius:60px; padding:30px 20px; position:relative; display:flex; align-items:center; justify-content:center; min-height:180px;\">\n    <span style=\"font-size:120px; font-weight:900; color:#1565C0; line-height:1; position:absolute; left:-10px; bottom:10px; z-index:2; font-family:sans-serif;\">03<\/span><br \/>\n    <img decoding=\"async\" src=\"https:\/\/divi5.hapicrea.com\/wp-content\/uploads\/2026\/04\/paso-3.svg\" alt=\"Paso 3\" style=\"max-width:220px; max-height:160px; position:relative; z-index:3; margin-left:60px;\" \/>\n  <\/div>\n<p style=\"text-align:center; font-size:14px; color:#333333; margin-top:15px; line-height:1.6;\">Dise\u00f1amos, prototipamos y probamos la mejor soluci\u00f3n.<\/p>\n<\/div><\/div>\n\t\t\t<\/div>\n\t\t\t<\/div><div class=\"et_d4_element et_pb_column_1_2 et_pb_column et_pb_column_7  et_pb_css_mix_blend_mode et-last-child et_block_column\">\n\t\t\t\t\n\t\t\t\t\n\t\t\t\t\n\t\t\t\t\n\t\t\t\t<div class=\"et_pb_module et_d4_element et_pb_text et_pb_text_8  et_pb_text_align_left et_pb_bg_layout_light\">\n\t\t\t\t\n\t\t\t\t\n\t\t\t\t\n\t\t\t\t\n\t\t\t\t<div class=\"et_pb_text_inner\"><div class=\"hapi-step\">\n<div class=\"hapi-step-inner\" style=\"background-color:#D6E4F0; border-radius:60px; padding:30px 20px; position:relative; display:flex; align-items:center; justify-content:center; min-height:180px;\">\n    <span style=\"font-size:120px; font-weight:900; color:#0D2137; line-height:1; position:absolute; left:-10px; bottom:10px; z-index:2; font-family:sans-serif;\">04<\/span><br \/>\n    <img decoding=\"async\" src=\"https:\/\/divi5.hapicrea.com\/wp-content\/uploads\/2026\/04\/paso-4.svg\" alt=\"Paso 4\" style=\"max-width:220px; max-height:160px; position:relative; z-index:3; margin-left:60px;\" \/>\n  <\/div>\n<p style=\"text-align:center; font-size:14px; color:#333333; margin-top:15px; line-height:1.6;\">Implementamos y optimizamos la soluci\u00f3n<\/p>\n<\/div><\/div>\n\t\t\t<\/div>\n\t\t\t<\/div>\n\t\t\t\t\n\t\t\t\t\n\t\t\t\t\n\t\t\t\t\n\t\t\t<\/div>\n\t\t\t\t\n\t\t\t\t\n\t\t\t<\/div><div class=\"et_d4_element et_pb_section et_pb_section_5 et_pb_with_background  et_pb_css_mix_blend_mode et_section_regular et_block_section\" >\n\t\t\t\t\n\t\t\t\t\n\t\t\t\t\n\t\t\t\t\n\t\t\t\t\n\t\t\t\t\n\t\t\t\t<div class=\"et_d4_element et_pb_row et_pb_row_5  et_pb_css_mix_blend_mode et_block_row\">\n\t\t\t\t<div class=\"et_d4_element et_pb_column_1_2 et_pb_column et_pb_column_8  et_pb_css_mix_blend_mode et_block_column\">\n\t\t\t\t\n\t\t\t\t\n\t\t\t\t\n\t\t\t\t\n\t\t\t\t<div class=\"et_pb_module et_d4_element et_pb_text et_pb_text_9  et_pb_text_align_left et_pb_bg_layout_light\">\n\t\t\t\t\n\t\t\t\t\n\t\t\t\t\n\t\t\t\t\n\t\t\t\t<div class=\"et_pb_text_inner\"><div class=\"hapi-step\">\n<div class=\"hapi-step-inner\" style=\"background-color:#FDECEA; border-radius:60px; padding:30px 20px; position:relative; display:flex; align-items:center; justify-content:center; min-height:180px;\">\n    <span style=\"font-size:120px; font-weight:900; color:#AD1457; line-height:1; position:absolute; left:-10px; bottom:10px; z-index:2; font-family:sans-serif;\">05<\/span><br \/>\n    <img decoding=\"async\" src=\"https:\/\/divi5.hapicrea.com\/wp-content\/uploads\/2026\/04\/paso-5.svg\" alt=\"Paso 5\" style=\"max-width:220px; max-height:160px; position:relative; z-index:3; margin-left:60px;\" \/>\n  <\/div>\n<p style=\"text-align:center; font-size:14px; color:#333333; margin-top:15px; line-height:1.6;\">Implementamos seguridades y conectamos la soluci\u00f3n a plataformas de medici\u00f3n<\/p>\n<\/div><\/div>\n\t\t\t<\/div>\n\t\t\t<\/div><div class=\"et_d4_element et_pb_column_1_2 et_pb_column et_pb_column_9  et_pb_css_mix_blend_mode et-last-child et_block_column\">\n\t\t\t\t\n\t\t\t\t\n\t\t\t\t\n\t\t\t\t\n\t\t\t\t<div class=\"et_pb_module et_d4_element et_pb_text et_pb_text_10  et_pb_text_align_left et_pb_bg_layout_light\">\n\t\t\t\t\n\t\t\t\t\n\t\t\t\t\n\t\t\t\t\n\t\t\t\t<div class=\"et_pb_text_inner\"><div class=\"hapi-step\">\n<div class=\"hapi-step-inner\" style=\"background-color:#D5F5E3; border-radius:60px; padding:30px 20px; position:relative; display:flex; align-items:center; justify-content:center; min-height:180px;\">\n    <span style=\"font-size:120px; font-weight:900; color:#2E7D32; line-height:1; position:absolute; left:-10px; bottom:10px; z-index:2; font-family:sans-serif;\">06<\/span><br \/>\n    <img decoding=\"async\" src=\"https:\/\/divi5.hapicrea.com\/wp-content\/uploads\/2026\/04\/paso-6.svg\" alt=\"Paso 6\" style=\"max-width:220px; max-height:160px; position:relative; z-index:3; margin-left:60px;\" \/>\n  <\/div>\n<p style=\"text-align:center; font-size:14px; color:#333333; margin-top:15px; line-height:1.6;\">Realizamos transferencia de conocimiento para asegurar independencia del servicio<\/p>\n<\/div><\/div>\n\t\t\t<\/div>\n\t\t\t<\/div>\n\t\t\t\t\n\t\t\t\t\n\t\t\t\t\n\t\t\t\t\n\t\t\t<\/div>\n\t\t\t\t\n\t\t\t\t\n\t\t\t<\/div><div class=\"et_d4_element et_pb_section et_pb_section_6 et_pb_with_background  et_pb_css_mix_blend_mode et_section_regular et_block_section\" >\n\t\t\t\t\n\t\t\t\t\n\t\t\t\t\n\t\t\t\t\n\t\t\t\t\n\t\t\t\t\n\t\t\t\t<div class=\"et_d4_element et_pb_row et_pb_row_6  et_pb_css_mix_blend_mode et_block_row\">\n\t\t\t\t<div class=\"et_d4_element et_pb_column_4_4 et_pb_column et_pb_column_10  et_pb_css_mix_blend_mode et-last-child et_block_column\">\n\t\t\t\t\n\t\t\t\t\n\t\t\t\t\n\t\t\t\t\n\t\t\t\t<div class=\"et_pb_module et_d4_element et_pb_text et_pb_text_11  et_pb_text_align_left et_pb_bg_layout_light\">\n\t\t\t\t\n\t\t\t\t\n\t\t\t\t\n\t\t\t\t\n\t\t\t\t<div class=\"et_pb_text_inner\"><div class=\"hapi-step\">\n<div class=\"hapi-step-inner\" style=\"background-color:#FEF9E7; border-radius:60px; padding:30px 20px; position:relative; display:flex; align-items:center; justify-content:center; min-height:180px;\">\n    <span style=\"font-size:120px; font-weight:900; color:#F9A825; line-height:1; position:absolute; left:-10px; bottom:10px; z-index:2; font-family:sans-serif;\">07<\/span><br \/>\n    <img decoding=\"async\" src=\"https:\/\/divi5.hapicrea.com\/wp-content\/uploads\/2026\/04\/paso-7.svg\" alt=\"Paso 7\" style=\"max-width:260px; max-height:180px; position:relative; z-index:3; margin-left:60px;\" \/>\n  <\/div>\n<p style=\"text-align:center; font-size:14px; color:#333333; margin-top:15px; line-height:1.6;\">Entregamos y desplegamos la soluci\u00f3n<\/p>\n<\/div><\/div>\n\t\t\t<\/div>\n\t\t\t<\/div>\n\t\t\t\t\n\t\t\t\t\n\t\t\t\t\n\t\t\t\t\n\t\t\t<\/div>\n\t\t\t\t\n\t\t\t\t\n\t\t\t<\/div><\/p>\n","protected":false},"excerpt":{"rendered":"","protected":false},"author":1,"featured_media":0,"parent":0,"menu_order":0,"comment_status":"closed","ping_status":"closed","template":"","meta":{"_acf_changed":false,"inline_featured_image":false,"_et_pb_use_builder":"on","_et_pb_old_content":"","_et_gb_content_width":"","footnotes":"","_et_pb_custom_css":".hp{position:relative;width:100%;margin-bottom:48px;font-family:'Quicksand',sans-serif}.hp-n{font-family:'Quicksand',sans-serif;font-weight:700;font-size:165px;line-height:1;letter-spacing:-6px;position:absolute;left:-10px;top:30px;z-index:3;opacity:.95}.hp-blob{border-radius:999px;min-height:220px;margin-left:110px;display:flex;align-items:center;justify-content:center;padding:24px 40px;position:relative;z-index:1;overflow:visible}.hp-blob svg{max-width:100%;height:auto}.hp-t{font-family:'Quicksand',sans-serif;font-size:15px;font-weight:500;color:#444;text-align:center;margin-top:16px;line-height:1.65;padding:0 16px}.hp-title{font-family:'Quicksand',sans-serif;font-size:28px;font-weight:700;color:#232323;text-align:center;margin:0 0 40px}.hp-center{position:relative;display:flex;flex-direction:column;align-items:center}@media(max-width:768px){.hp-n{font-size:100px;left:0;top:20px}.hp-blob{margin-left:70px;padding:16px 24px}}"},"class_list":["post-139","page","type-page","status-publish","hentry"],"acf":[],"_et_pb_custom_css":".hp{position:relative;width:100%;margin-bottom:48px;font-family:'Quicksand',sans-serif}.hp-n{font-family:'Quicksand',sans-serif;font-weight:700;font-size:165px;line-height:1;letter-spacing:-6px;position:absolute;left:-10px;top:30px;z-index:3;opacity:.95}.hp-blob{border-radius:999px;min-height:220px;margin-left:110px;display:flex;align-items:center;justify-content:center;padding:24px 40px;position:relative;z-index:1;overflow:visible}.hp-blob svg{max-width:100%;height:auto}.hp-t{font-family:'Quicksand',sans-serif;font-size:15px;font-weight:500;color:#444;text-align:center;margin-top:16px;line-height:1.65;padding:0 16px}.hp-title{font-family:'Quicksand',sans-serif;font-size:28px;font-weight:700;color:#232323;text-align:center;margin:0 0 40px}.hp-center{position:relative;display:flex;flex-direction:column;align-items:center}@media(max-width:768px){.hp-n{font-size:100px;left:0;top:20px}.hp-blob{margin-left:70px;padding:16px 24px}}","_links":{"self":[{"href":"https:\/\/divi5.hapicrea.com\/index.php\/wp-json\/wp\/v2\/pages\/139","targetHints":{"allow":["GET"]}}],"collection":[{"href":"https:\/\/divi5.hapicrea.com\/index.php\/wp-json\/wp\/v2\/pages"}],"about":[{"href":"https:\/\/divi5.hapicrea.com\/index.php\/wp-json\/wp\/v2\/types\/page"}],"author":[{"embeddable":true,"href":"https:\/\/divi5.hapicrea.com\/index.php\/wp-json\/wp\/v2\/users\/1"}],"replies":[{"embeddable":true,"href":"https:\/\/divi5.hapicrea.com\/index.php\/wp-json\/wp\/v2\/comments?post=139"}],"version-history":[{"count":1,"href":"https:\/\/divi5.hapicrea.com\/index.php\/wp-json\/wp\/v2\/pages\/139\/revisions"}],"predecessor-version":[{"id":150,"href":"https:\/\/divi5.hapicrea.com\/index.php\/wp-json\/wp\/v2\/pages\/139\/revisions\/150"}],"wp:attachment":[{"href":"https:\/\/divi5.hapicrea.com\/index.php\/wp-json\/wp\/v2\/media?parent=139"}],"curies":[{"name":"wp","href":"https:\/\/api.w.org\/{rel}","templated":true}]}}